{"id":1582,"date":"2026-03-10T16:41:50","date_gmt":"2026-03-10T16:41:50","guid":{"rendered":"https:\/\/www.ciprec.org\/?page_id=1582"},"modified":"2026-03-10T16:57:02","modified_gmt":"2026-03-10T16:57:02","slug":"equipo","status":"publish","type":"page","link":"https:\/\/www.ciprec.org\/eng\/equipo\/","title":{"rendered":"Equipo V3"},"content":{"rendered":"<p>[et_pb_section fb_built=&#8221;1&#8243; _builder_version=&#8221;4.27.6&#8243; _module_preset=&#8221;default&#8221; background_color=&#8221;RGBA(255,255,255,0)&#8221; global_colors_info=&#8221;{}&#8221;][et_pb_row column_structure=&#8221;2_5,3_5&#8243; custom_padding_last_edited=&#8221;on|phone&#8221; _builder_version=&#8221;4.27.6&#8243; _module_preset=&#8221;default&#8221; custom_margin=&#8221;60px||||false|false&#8221; custom_padding=&#8221;40px|100px|40px|100px|true|true&#8221; custom_padding_tablet=&#8221;40px|100px|40px|100px|true|true&#8221; custom_padding_phone=&#8221;20px|20px|20px|20px|true|true&#8221; custom_css_before=&#8221;||&#8221; custom_css_main_element=&#8221;border:1px solid #445ba4;||background-color:#445ba4;&#8221; border_radii=&#8221;on|10px|10px|10px|10px&#8221; border_width_all=&#8221;1px&#8221; border_color_all=&#8221;#0A66C2&#8243; global_colors_info=&#8221;{}&#8221;][et_pb_column type=&#8221;2_5&#8243; _builder_version=&#8221;4.27.4&#8243; _module_preset=&#8221;default&#8221; global_colors_info=&#8221;{}&#8221;][et_pb_image src=&#8221;https:\/\/www.ciprec.org\/wp-content\/uploads\/2025\/12\/DR-Zaidman.png&#8221; title_text=&#8221;DR-Zaidman&#8221; _builder_version=&#8221;4.27.6&#8243; _module_preset=&#8221;default&#8221; width=&#8221;350px&#8221; global_colors_info=&#8221;{}&#8221;][\/et_pb_image][\/et_pb_column][et_pb_column type=&#8221;3_5&#8243; _builder_version=&#8221;4.27.4&#8243; _module_preset=&#8221;default&#8221; global_colors_info=&#8221;{}&#8221;][et_pb_heading title=&#8221;Presidente &#038; Director M\u00e9dico&#8221; _builder_version=&#8221;4.27.5&#8243; _module_preset=&#8221;default&#8221; title_text_align=&#8221;left&#8221; title_text_color=&#8221;#FFFFFF&#8221; title_font_size=&#8221;35px&#8221; width=&#8221;56%&#8221; custom_margin=&#8221;40px|||120px|false|false&#8221; custom_margin_tablet=&#8221;40px|||120px|false|false&#8221; custom_margin_phone=&#8221;0px|||0px|false|false&#8221; custom_margin_last_edited=&#8221;on|phone&#8221; global_colors_info=&#8221;{}&#8221;][\/et_pb_heading][et_pb_heading title=&#8221;Dr. C\u00e9sar Javier Zaidman&#8221; _builder_version=&#8221;4.27.5&#8243; _module_preset=&#8221;default&#8221; title_level=&#8221;h3&#8243; title_text_color=&#8221;#FFFFFF&#8221; custom_margin=&#8221;-17px|||120px|false|false&#8221; custom_margin_tablet=&#8221;-17px|||120px|false|false&#8221; custom_margin_phone=&#8221;0px||0px|0px|false|false&#8221; custom_margin_last_edited=&#8221;on|phone&#8221; global_colors_info=&#8221;{}&#8221;][\/et_pb_heading][et_pb_text _builder_version=&#8221;4.27.6&#8243; _module_preset=&#8221;default&#8221; text_text_color=&#8221;#FFFFFF&#8221; custom_margin=&#8221;160px||||false|false&#8221; custom_padding=&#8221;|0px||120px|false|false&#8221; global_colors_info=&#8221;{}&#8221;]<\/p>\n<p>Consultor\u00eda Externa<\/p>\n<h6><span style=\"color: #ffffff;\">Legales, Financieros, IT y Calidad en IC<\/span><\/h6>\n<p>[\/et_pb_text][\/et_pb_column][\/et_pb_row][et_pb_row column_structure=&#8221;1_3,1_3,1_3&#8243; disabled_on=&#8221;off|off|off&#8221; _builder_version=&#8221;4.27.6&#8243; _module_preset=&#8221;default&#8221; custom_margin=&#8221;60px||||false|false&#8221; custom_padding=&#8221;40px|40px|40px|40px|true|true&#8221; custom_css_main_element=&#8221;background-color:#f5f9fd;&#8221; border_radii=&#8221;off|10px|10px||&#8221; border_width_all=&#8221;1px&#8221; border_color_all=&#8221;#3F5DAA&#8221; global_colors_info=&#8221;{}&#8221;][et_pb_column type=&#8221;1_3&#8243; _builder_version=&#8221;4.27.5&#8243; _module_preset=&#8221;default&#8221; global_colors_info=&#8221;{}&#8221;][et_pb_blurb title=&#8221;Gerente M\u00e9dico&#8221; image=&#8221;https:\/\/www.ciprec.org\/wp-content\/uploads\/2025\/12\/Group-76.png&#8221; image_icon_width=&#8221;40px&#8221; icon_alignment=&#8221;left&#8221; _builder_version=&#8221;4.27.6&#8243; _module_preset=&#8221;default&#8221; header_text_align=&#8221;left&#8221; custom_margin=&#8221;||||false|false&#8221; custom_padding=&#8221;0px|0px|30px|0px|false|true&#8221; text_orientation_tablet=&#8221;&#8221; text_orientation_phone=&#8221;left&#8221; text_orientation_last_edited=&#8221;on|phone&#8221; border_style_all=&#8221;none&#8221; border_width_bottom=&#8221;1px&#8221; border_color_bottom=&#8221;#3F5DAA&#8221; global_colors_info=&#8221;{}&#8221;]<\/p>\n<p>Dr.Fernando Pedro Guerlloy<\/p>\n<p>[\/et_pb_blurb][\/et_pb_column][et_pb_column type=&#8221;1_3&#8243; _builder_version=&#8221;4.27.5&#8243; _module_preset=&#8221;default&#8221; global_colors_info=&#8221;{}&#8221;][et_pb_blurb title=&#8221;Gesti\u00f3n Digital&#8221; _builder_version=&#8221;4.27.6&#8243; _module_preset=&#8221;default&#8221; custom_margin=&#8221;0px||0px||false|false&#8221; custom_margin_last_edited=&#8221;off|phone&#8221; custom_padding=&#8221;60px||||false|false&#8221; custom_padding_tablet=&#8221;60px||||false|false&#8221; custom_padding_phone=&#8221;0px||0px||false|false&#8221; custom_padding_last_edited=&#8221;on|phone&#8221; global_colors_info=&#8221;{}&#8221;][\/et_pb_blurb][\/et_pb_column][et_pb_column type=&#8221;1_3&#8243; _builder_version=&#8221;4.27.5&#8243; _module_preset=&#8221;default&#8221; global_colors_info=&#8221;{}&#8221;][et_pb_blurb title=&#8221;An\u00e1lisis de Contactos&#8221; _builder_version=&#8221;4.27.6&#8243; _module_preset=&#8221;default&#8221; custom_margin_tablet=&#8221;&#8221; custom_margin_phone=&#8221;0px||0px||false|false&#8221; custom_margin_last_edited=&#8221;on|phone&#8221; custom_padding=&#8221;60px||||false|false&#8221; custom_padding_tablet=&#8221;60px||||false|false&#8221; custom_padding_phone=&#8221;0px||0px||false|false&#8221; custom_padding_last_edited=&#8221;on|phone&#8221; global_colors_info=&#8221;{}&#8221;][\/et_pb_blurb][\/et_pb_column][\/et_pb_row][et_pb_row column_structure=&#8221;1_3,1_3,1_3&#8243; disabled_on=&#8221;off|off|off&#8221; _builder_version=&#8221;4.27.6&#8243; _module_preset=&#8221;default&#8221; custom_margin=&#8221;0px||||false|false&#8221; custom_padding=&#8221;40px|40px|40px|40px|true|true&#8221; custom_css_main_element=&#8221;background-color:#f5f9fd;&#8221; border_radii=&#8221;off|||10px|10px&#8221; border_width_all=&#8221;1px&#8221; border_color_all=&#8221;#3F5DAA&#8221; global_colors_info=&#8221;{}&#8221;][et_pb_column type=&#8221;1_3&#8243; _builder_version=&#8221;4.27.5&#8243; _module_preset=&#8221;default&#8221; global_colors_info=&#8221;{}&#8221;][et_pb_blurb title=&#8221;Coordinador M\u00e9dico Cardiometab\u00f3lico&#8221; image_icon_width=&#8221;40px&#8221; icon_alignment=&#8221;left&#8221; _builder_version=&#8221;4.27.6&#8243; _module_preset=&#8221;default&#8221; custom_padding=&#8221;40px||||false|false&#8221; global_colors_info=&#8221;{}&#8221;]<\/p>\n<p>Dr. Diego Waserman<\/p>\n<p>[\/et_pb_blurb][\/et_pb_column][et_pb_column type=&#8221;1_3&#8243; _builder_version=&#8221;4.27.5&#8243; _module_preset=&#8221;default&#8221; global_colors_info=&#8221;{}&#8221;][et_pb_blurb use_icon=&#8221;on&#8221; font_icon=&#8221;&#x3d;||divi||400&#8243; icon_color=&#8221;#3F5DAA&#8221; icon_placement=&#8221;left&#8221; image_icon_width=&#8221;34px&#8221; _builder_version=&#8221;4.27.6&#8243; _module_preset=&#8221;default&#8221; custom_padding=&#8221;60px||||false|false&#8221; custom_padding_tablet=&#8221;60px||||false|false&#8221; custom_padding_phone=&#8221;0px||||false|false&#8221; custom_padding_last_edited=&#8221;on|phone&#8221; custom_css_main_element=&#8221;p{||  margin-left: 15px;||}&#8221; global_colors_info=&#8221;{}&#8221;]<\/p>\n<p>30 M\u00e9dicos investigadore Principales y Subinvestigadores<\/p>\n<p>[\/et_pb_blurb][\/et_pb_column][et_pb_column type=&#8221;1_3&#8243; _builder_version=&#8221;4.27.5&#8243; _module_preset=&#8221;default&#8221; global_colors_info=&#8221;{}&#8221;][\/et_pb_column][\/et_pb_row][et_pb_row column_structure=&#8221;1_3,1_3,1_3&#8243; disabled_on=&#8221;off|off|off&#8221; _builder_version=&#8221;4.27.6&#8243; _module_preset=&#8221;default&#8221; custom_margin=&#8221;60px||||false|false&#8221; custom_padding=&#8221;40px|40px|40px|40px|true|true&#8221; custom_css_main_element=&#8221;background-color:#f5f9fd;&#8221; border_radii=&#8221;off|10px|10px||&#8221; border_width_all=&#8221;1px&#8221; border_color_all=&#8221;#3F5DAA&#8221; locked=&#8221;off&#8221; global_colors_info=&#8221;{}&#8221;][et_pb_column type=&#8221;1_3&#8243; _builder_version=&#8221;4.27.5&#8243; _module_preset=&#8221;default&#8221; global_colors_info=&#8221;{}&#8221;][et_pb_blurb title=&#8221;Gerente de Operaciones Cl\u00ednicas &#038; SGC&#8221; image=&#8221;https:\/\/www.ciprec.org\/wp-content\/uploads\/2025\/12\/Group-76.png&#8221; image_icon_width=&#8221;40px&#8221; icon_alignment=&#8221;left&#8221; _builder_version=&#8221;4.27.6&#8243; _module_preset=&#8221;default&#8221; locked=&#8221;off&#8221; global_colors_info=&#8221;{}&#8221;]<\/p>\n<p>Mar\u00eda Vanesa Espinosa<\/p>\n<p>[\/et_pb_blurb][\/et_pb_column][et_pb_column type=&#8221;1_3&#8243; _builder_version=&#8221;4.27.5&#8243; _module_preset=&#8221;default&#8221; global_colors_info=&#8221;{}&#8221;][et_pb_blurb title=&#8221;Study Coordinator Senior&#8221; use_icon=&#8221;on&#8221; font_icon=&#8221;&#x3d;||divi||400&#8243; icon_color=&#8221;#3F5DAA&#8221; icon_placement=&#8221;left&#8221; _builder_version=&#8221;4.27.6&#8243; _module_preset=&#8221;default&#8221; custom_padding=&#8221;40px||||false|false&#8221; custom_padding_tablet=&#8221;40px||||false|false&#8221; custom_padding_phone=&#8221;0px||||false|false&#8221; custom_padding_last_edited=&#8221;on|phone&#8221; custom_css_main_element=&#8221;margin-top:20px;||p, h4{||  margin-left:10px||}&#8221; locked=&#8221;off&#8221; global_colors_info=&#8221;{}&#8221;]<\/p>\n<p>Luc\u00eda Rey<\/p>\n<p>[\/et_pb_blurb][\/et_pb_column][et_pb_column type=&#8221;1_3&#8243; _builder_version=&#8221;4.27.5&#8243; _module_preset=&#8221;default&#8221; global_colors_info=&#8221;{}&#8221;][\/et_pb_column][\/et_pb_row][et_pb_row column_structure=&#8221;1_3,1_3,1_3&#8243; disabled_on=&#8221;off|off|off&#8221; _builder_version=&#8221;4.27.6&#8243; _module_preset=&#8221;default&#8221; custom_margin=&#8221;0px||||false|false&#8221; custom_padding=&#8221;40px|20px|40px|40px|true|false&#8221; custom_css_main_element=&#8221;background-color:#f5f9fd;&#8221; border_radii=&#8221;off|||10px|10px&#8221; border_width_all=&#8221;1px&#8221; border_color_all=&#8221;#3F5DAA&#8221; locked=&#8221;off&#8221; global_colors_info=&#8221;{}&#8221;][et_pb_column type=&#8221;1_3&#8243; _builder_version=&#8221;4.27.5&#8243; _module_preset=&#8221;default&#8221; global_colors_info=&#8221;{}&#8221;][et_pb_blurb image_icon_width=&#8221;40px&#8221; icon_alignment=&#8221;left&#8221; _builder_version=&#8221;4.27.6&#8243; _module_preset=&#8221;default&#8221; custom_margin=&#8221;0px||0px||false|false&#8221; custom_padding=&#8221;0px||0px||false|false&#8221; global_colors_info=&#8221;{}&#8221;]10 Study Coordinators<br \/>\n3 Data Entry[\/et_pb_blurb][\/et_pb_column][et_pb_column type=&#8221;1_3&#8243; _builder_version=&#8221;4.27.5&#8243; _module_preset=&#8221;default&#8221; global_colors_info=&#8221;{}&#8221;][et_pb_blurb _builder_version=&#8221;4.27.6&#8243; _module_preset=&#8221;default&#8221; custom_margin=&#8221;0px||0px||false|false&#8221; custom_padding=&#8221;0px||||false|false&#8221; global_colors_info=&#8221;{}&#8221;]2 Anal\u00edstas Regultorios<br \/>\n1 Farmac\u00e9utico<br \/>\n2 Asistentes de Farmacia[\/et_pb_blurb][\/et_pb_column][et_pb_column type=&#8221;1_3&#8243; _builder_version=&#8221;4.27.5&#8243; _module_preset=&#8221;default&#8221; global_colors_info=&#8221;{}&#8221;][et_pb_blurb _builder_version=&#8221;4.27.6&#8243; _module_preset=&#8221;default&#8221; custom_padding=&#8221;0px||||false|false&#8221; locked=&#8221;off&#8221; global_colors_info=&#8221;{}&#8221;]Laboratorio con 3 Hemoterapistas<br \/>\n2 Personal de enfermer\u00eda especializada[\/et_pb_blurb][\/et_pb_column][\/et_pb_row][et_pb_row column_structure=&#8221;1_3,1_3,1_3&#8243; disabled_on=&#8221;off|off|off&#8221; _builder_version=&#8221;4.27.6&#8243; _module_preset=&#8221;default&#8221; custom_margin=&#8221;60px||50px||false|false&#8221; custom_padding=&#8221;40px|40px|40px|40px|true|true&#8221; custom_css_main_element=&#8221;background-color:#f5f9fd;&#8221; border_radii=&#8221;on|10px|10px|10px|10px&#8221; border_width_all=&#8221;1px&#8221; border_color_all=&#8221;#3F5DAA&#8221; locked=&#8221;off&#8221; global_colors_info=&#8221;{}&#8221;][et_pb_column type=&#8221;1_3&#8243; _builder_version=&#8221;4.27.5&#8243; _module_preset=&#8221;default&#8221; global_colors_info=&#8221;{}&#8221;][et_pb_blurb title=&#8221;Gerente de Administraci\u00f3n &#038; RRHH&#8221; image=&#8221;https:\/\/www.ciprec.org\/wp-content\/uploads\/2025\/12\/Group-111.png&#8221; image_icon_width=&#8221;40px&#8221; icon_alignment=&#8221;left&#8221; _builder_version=&#8221;4.27.6&#8243; _module_preset=&#8221;default&#8221; locked=&#8221;off&#8221; global_colors_info=&#8221;{}&#8221;]<\/p>\n<p>Lic. Mariana Oriz<\/p>\n<p>[\/et_pb_blurb][\/et_pb_column][et_pb_column type=&#8221;1_3&#8243; _builder_version=&#8221;4.27.5&#8243; _module_preset=&#8221;default&#8221; global_colors_info=&#8221;{}&#8221;][et_pb_blurb use_icon=&#8221;on&#8221; font_icon=&#8221;&#x3d;||divi||400&#8243; icon_color=&#8221;#3F5DAA&#8221; icon_placement=&#8221;left&#8221; image_icon_width=&#8221;35px&#8221; _builder_version=&#8221;4.27.6&#8243; _module_preset=&#8221;default&#8221; image_icon_custom_margin=&#8221;49px||||false|false&#8221; custom_padding=&#8221;20px||||false|false&#8221; custom_padding_tablet=&#8221;20px||||false|false&#8221; custom_padding_phone=&#8221;0px||||false|false&#8221; custom_padding_last_edited=&#8221;on|phone&#8221; locked=&#8221;off&#8221; global_colors_info=&#8221;{}&#8221;]<\/p>\n<p>&nbsp;<\/p>\n<p>4 Personal Administrativo<\/p>\n<p>2 Personas de Soporte<\/p>\n<p>[\/et_pb_blurb][\/et_pb_column][et_pb_column type=&#8221;1_3&#8243; _builder_version=&#8221;4.27.5&#8243; _module_preset=&#8221;default&#8221; global_colors_info=&#8221;{}&#8221;][\/et_pb_column][\/et_pb_row][et_pb_row column_structure=&#8221;1_2,1_2&#8243; disabled_on=&#8221;off|off|off&#8221; _builder_version=&#8221;4.27.6&#8243; _module_preset=&#8221;default&#8221; custom_margin=&#8221;60px||0px||false|false&#8221; custom_padding=&#8221;40px|40px|40px|40px|true|true&#8221; custom_css_main_element=&#8221;background-color:#f5f9fd;&#8221; border_radii=&#8221;off|10px|10px||&#8221; border_width_all=&#8221;1px&#8221; border_color_all=&#8221;#3F5DAA&#8221; global_colors_info=&#8221;{}&#8221; border_radii__hover_enabled=&#8221;on|desktop&#8221; border_radii__hover=&#8221;off|10px|10px||&#8221;][et_pb_column type=&#8221;1_2&#8243; _builder_version=&#8221;4.27.6&#8243; _module_preset=&#8221;default&#8221; global_colors_info=&#8221;{}&#8221;][et_pb_heading title=&#8221;Investigadores Principales&#8221; _builder_version=&#8221;4.27.6&#8243; _module_preset=&#8221;default&#8221; title_level=&#8221;h3&#8243; global_colors_info=&#8221;{}&#8221;][\/et_pb_heading][\/et_pb_column][et_pb_column type=&#8221;1_2&#8243; _builder_version=&#8221;4.27.6&#8243; _module_preset=&#8221;default&#8221; global_colors_info=&#8221;{}&#8221;][\/et_pb_column][\/et_pb_row][et_pb_row column_structure=&#8221;1_4,1_4,1_4,1_4&#8243; disabled_on=&#8221;off|off|off&#8221; _builder_version=&#8221;4.27.6&#8243; _module_preset=&#8221;default&#8221; custom_margin=&#8221;-68px||50px||false|false&#8221; custom_padding=&#8221;40px|40px|40px|40px|true|true&#8221; custom_css_main_element=&#8221;background-color:#f5f9fd;&#8221; border_radii=&#8221;off|||10px|10px&#8221; border_width_right=&#8221;1px&#8221; border_color_right=&#8221;#3F5DAA&#8221; border_width_bottom=&#8221;1px&#8221; border_color_bottom=&#8221;#3F5DAA&#8221; border_width_left=&#8221;1px&#8221; border_color_left=&#8221;#0A66C2&#8243; global_colors_info=&#8221;{}&#8221;][et_pb_column type=&#8221;1_4&#8243; _builder_version=&#8221;4.27.6&#8243; _module_preset=&#8221;default&#8221; global_colors_info=&#8221;{}&#8221;][et_pb_blurb title=&#8221;C\u00e9sar Javier Zaidman&#8221; image_icon_background_color=&#8221;#3F5DAA&#8221; _builder_version=&#8221;4.27.6&#8243; _module_preset=&#8221;default&#8221; header_text_color=&#8221;#000000&#8243; body_text_color=&#8221;#3F5DAA&#8221; custom_margin=&#8221;2px||||false|false&#8221; custom_css_main_element=&#8221;p{||  margin-top:-8px;||}&#8221; global_colors_info=&#8221;{}&#8221;]<\/p>\n<p>CARDIOLOG\u00cdA<\/p>\n<p>[\/et_pb_blurb][et_pb_blurb title=&#8221;Fernando Guerloy&#8221; image_icon_background_color=&#8221;#3F5DAA&#8221; _builder_version=&#8221;4.27.6&#8243; _module_preset=&#8221;default&#8221; header_text_color=&#8221;#000000&#8243; body_text_color=&#8221;#3F5DAA&#8221; custom_margin=&#8221;2px||||false|false&#8221; custom_css_main_element=&#8221;p{||  margin-top:-8px;||}&#8221; global_colors_info=&#8221;{}&#8221;]<\/p>\n<p>CARDIOLOG\u00cdA<\/p>\n<p>[\/et_pb_blurb][et_pb_blurb title=&#8221;Mariano Marini&#8221; image_icon_background_color=&#8221;#3F5DAA&#8221; _builder_version=&#8221;4.27.6&#8243; _module_preset=&#8221;default&#8221; header_text_color=&#8221;#000000&#8243; body_text_color=&#8221;#3F5DAA&#8221; custom_margin=&#8221;2px||||false|false&#8221; custom_css_main_element=&#8221;p{||  margin-top:-8px;||}&#8221; global_colors_info=&#8221;{}&#8221;]<\/p>\n<p>DERMATOLOG\u00cdA<\/p>\n<p>[\/et_pb_blurb][et_pb_blurb title=&#8221;Tania Zarowsky&#8221; image_icon_background_color=&#8221;#3F5DAA&#8221; _builder_version=&#8221;4.27.6&#8243; _module_preset=&#8221;default&#8221; header_text_color=&#8221;#000000&#8243; body_text_color=&#8221;#3F5DAA&#8221; custom_margin=&#8221;2px||||false|false&#8221; custom_css_main_element=&#8221;p{||  margin-top:-8px;||}&#8221; global_colors_info=&#8221;{}&#8221;]<\/p>\n<p>DERMATOLOG\u00cdA<\/p>\n<p>[\/et_pb_blurb][\/et_pb_column][et_pb_column type=&#8221;1_4&#8243; _builder_version=&#8221;4.27.6&#8243; _module_preset=&#8221;default&#8221; global_colors_info=&#8221;{}&#8221;][et_pb_blurb title=&#8221;Fernando Gruz&#8221; image_icon_background_color=&#8221;#3F5DAA&#8221; _builder_version=&#8221;4.27.6&#8243; _module_preset=&#8221;default&#8221; header_text_color=&#8221;#000000&#8243; body_text_color=&#8221;#3F5DAA&#8221; custom_margin=&#8221;2px||||false|false&#8221; custom_css_main_element=&#8221;p{||  margin-top:-8px;||}&#8221; locked=&#8221;off&#8221; global_colors_info=&#8221;{}&#8221;]<\/p>\n<p>HEPATOLOG\u00cdA<\/p>\n<p>[\/et_pb_blurb][et_pb_blurb title=&#8221;Claudia Fuxman&#8221; image_icon_background_color=&#8221;#3F5DAA&#8221; _builder_version=&#8221;4.27.6&#8243; _module_preset=&#8221;default&#8221; header_text_color=&#8221;#000000&#8243; body_text_color=&#8221;#3F5DAA&#8221; custom_margin=&#8221;2px||||false|false&#8221; custom_css_main_element=&#8221;p{||  margin-top:-8px;||}&#8221; locked=&#8221;off&#8221; global_colors_info=&#8221;{}&#8221;]<\/p>\n<p>GASTROENTEROLOG\u00cdA<\/p>\n<p>[\/et_pb_blurb][et_pb_blurb title=&#8221;Agustina Granada&#8221; image_icon_background_color=&#8221;#3F5DAA&#8221; _builder_version=&#8221;4.27.6&#8243; _module_preset=&#8221;default&#8221; header_text_color=&#8221;#000000&#8243; body_text_color=&#8221;#3F5DAA&#8221; custom_margin=&#8221;2px||||false|false&#8221; custom_css_main_element=&#8221;p{||  margin-top:-8px;||}&#8221; locked=&#8221;off&#8221; global_colors_info=&#8221;{}&#8221;]<\/p>\n<p>NEUROLOG\u00cdA<\/p>\n<p>[\/et_pb_blurb][et_pb_blurb title=&#8221;Ezequiel Siutsky&#8221; image_icon_background_color=&#8221;#3F5DAA&#8221; _builder_version=&#8221;4.27.6&#8243; _module_preset=&#8221;default&#8221; header_text_color=&#8221;#000000&#8243; body_text_color=&#8221;#3F5DAA&#8221; custom_margin=&#8221;2px||||false|false&#8221; custom_css_main_element=&#8221;p{||  margin-top:-8px;||}&#8221; locked=&#8221;off&#8221; global_colors_info=&#8221;{}&#8221;]<\/p>\n<p>ONCOLOG\u00cdA<\/p>\n<p>[\/et_pb_blurb][\/et_pb_column][et_pb_column type=&#8221;1_4&#8243; _builder_version=&#8221;4.27.6&#8243; _module_preset=&#8221;default&#8221; global_colors_info=&#8221;{}&#8221;][et_pb_blurb title=&#8221;Guillermo Bartel&#8221; image_icon_background_color=&#8221;#3F5DAA&#8221; _builder_version=&#8221;4.27.6&#8243; _module_preset=&#8221;default&#8221; header_text_color=&#8221;#000000&#8243; body_text_color=&#8221;#3F5DAA&#8221; custom_margin=&#8221;2px||||false|false&#8221; custom_css_main_element=&#8221;p{||  margin-top:-8px;||}&#8221; locked=&#8221;off&#8221; global_colors_info=&#8221;{}&#8221;]<\/p>\n<p>REUMATOLOG\u00cdA<\/p>\n<p>[\/et_pb_blurb][et_pb_blurb title=&#8221;Carlos Zala&#8221; image_icon_background_color=&#8221;#3F5DAA&#8221; _builder_version=&#8221;4.27.6&#8243; _module_preset=&#8221;default&#8221; header_text_color=&#8221;#000000&#8243; body_text_color=&#8221;#3F5DAA&#8221; custom_margin=&#8221;2px||||false|false&#8221; custom_css_main_element=&#8221;p{||  margin-top:-8px;||}&#8221; locked=&#8221;off&#8221; global_colors_info=&#8221;{}&#8221;]<\/p>\n<p>INFECTOLOG\u00cdA<\/p>\n<p>[\/et_pb_blurb][et_pb_blurb title=&#8221;Juliana Mociuulsky&#8221; image_icon_background_color=&#8221;#3F5DAA&#8221; _builder_version=&#8221;4.27.6&#8243; _module_preset=&#8221;default&#8221; header_text_color=&#8221;#000000&#8243; body_text_color=&#8221;#3F5DAA&#8221; custom_margin=&#8221;2px||||false|false&#8221; custom_css_main_element=&#8221;p{||  margin-top:-8px;||}&#8221; locked=&#8221;off&#8221; global_colors_info=&#8221;{}&#8221;]<\/p>\n<p>ENDOCRINOLOG\u00cdA<\/p>\n<p>[\/et_pb_blurb][et_pb_blurb title=&#8221;Jorge Caneva&#8221; image_icon_background_color=&#8221;#3F5DAA&#8221; _builder_version=&#8221;4.27.6&#8243; _module_preset=&#8221;default&#8221; header_text_color=&#8221;#000000&#8243; body_text_color=&#8221;#3F5DAA&#8221; custom_margin=&#8221;2px||||false|false&#8221; custom_css_main_element=&#8221;p{||  margin-top:-8px;||}&#8221; locked=&#8221;off&#8221; global_colors_info=&#8221;{}&#8221;]<\/p>\n<p>NEUMONOLOG\u00cdA<\/p>\n<p>[\/et_pb_blurb][\/et_pb_column][et_pb_column type=&#8221;1_4&#8243; _builder_version=&#8221;4.27.6&#8243; _module_preset=&#8221;default&#8221; global_colors_info=&#8221;{}&#8221;][et_pb_blurb title=&#8221;Irene Copati&#8221; image_icon_background_color=&#8221;#3F5DAA&#8221; _builder_version=&#8221;4.27.6&#8243; _module_preset=&#8221;default&#8221; header_text_color=&#8221;#000000&#8243; body_text_color=&#8221;#3F5DAA&#8221; custom_margin=&#8221;2px||||false|false&#8221; custom_css_main_element=&#8221;p{||  margin-top:-8px;||}&#8221; locked=&#8221;off&#8221; global_colors_info=&#8221;{}&#8221;]<\/p>\n<p>OFTALMOLOG\u00cdA<\/p>\n<p>[\/et_pb_blurb][\/et_pb_column][\/et_pb_row][\/et_pb_section]<\/p>\n","protected":false},"excerpt":{"rendered":"<p>Consultor\u00eda Externa Legales, Financieros, IT y Calidad en ICDr.Fernando Pedro GuerlloyDr. Diego Waserman30 M\u00e9dicos investigadore Principales y SubinvestigadoresMar\u00eda Vanesa EspinosaLuc\u00eda Rey10 Study Coordinators 3 Data Entry2 Anal\u00edstas Regultorios 1 Farmac\u00e9utico 2 Asistentes de FarmaciaLaboratorio con 3 Hemoterapistas 2 Personal de enfermer\u00eda especializadaLic. Mariana Oriz&nbsp; 4 Personal Administrativo 2 Personas de SoporteCARDIOLOG\u00cdACARDIOLOG\u00cdADERMATOLOG\u00cdADERMATOLOG\u00cdAHEPATOLOG\u00cdAGASTROENTEROLOG\u00cdANEUROLOG\u00cdAONCOLOG\u00cdAREUMATOLOG\u00cdAINFECTOLOG\u00cdAENDOCRINOLOG\u00cdANEUMONOLOG\u00cdAOFTALMOLOG\u00cdA<\/p>","protected":false},"author":3,"featured_media":0,"parent":0,"menu_order":0,"comment_status":"closed","ping_status":"closed","template":"","meta":{"nf_dc_page":"","_et_pb_use_builder":"on","_et_pb_old_content":"<!-- wp:divi\/placeholder \/-->","_et_gb_content_width":"","iawp_total_views":232,"footnotes":""},"class_list":["post-1582","page","type-page","status-publish","hentry"],"_links":{"self":[{"href":"https:\/\/www.ciprec.org\/eng\/wp-json\/wp\/v2\/pages\/1582","targetHints":{"allow":["GET"]}}],"collection":[{"href":"https:\/\/www.ciprec.org\/eng\/wp-json\/wp\/v2\/pages"}],"about":[{"href":"https:\/\/www.ciprec.org\/eng\/wp-json\/wp\/v2\/types\/page"}],"author":[{"embeddable":true,"href":"https:\/\/www.ciprec.org\/eng\/wp-json\/wp\/v2\/users\/3"}],"replies":[{"embeddable":true,"href":"https:\/\/www.ciprec.org\/eng\/wp-json\/wp\/v2\/comments?post=1582"}],"version-history":[{"count":6,"href":"https:\/\/www.ciprec.org\/eng\/wp-json\/wp\/v2\/pages\/1582\/revisions"}],"predecessor-version":[{"id":1595,"href":"https:\/\/www.ciprec.org\/eng\/wp-json\/wp\/v2\/pages\/1582\/revisions\/1595"}],"wp:attachment":[{"href":"https:\/\/www.ciprec.org\/eng\/wp-json\/wp\/v2\/media?parent=1582"}],"curies":[{"name":"wp","href":"https:\/\/api.w.org\/{rel}","templated":true}]}}