{"id":1312,"date":"2025-12-13T13:45:22","date_gmt":"2025-12-13T13:45:22","guid":{"rendered":"https:\/\/www.ciprec.org\/?page_id=1312"},"modified":"2026-03-03T14:44:02","modified_gmt":"2026-03-03T14:44:02","slug":"contacto","status":"publish","type":"page","link":"https:\/\/www.ciprec.org\/eng\/contacto\/","title":{"rendered":"Contacto V2"},"content":{"rendered":"<p>[et_pb_section fb_built=&#8221;1&#8243; _builder_version=&#8221;4.27.4&#8243; _module_preset=&#8221;default&#8221; global_colors_info=&#8221;{}&#8221;][et_pb_row _builder_version=&#8221;4.27.5&#8243; _module_preset=&#8221;default&#8221; global_colors_info=&#8221;{}&#8221;][et_pb_column type=&#8221;4_4&#8243; _builder_version=&#8221;4.27.5&#8243; _module_preset=&#8221;default&#8221; global_colors_info=&#8221;{}&#8221;][et_pb_heading title=&#8221;Contacto&#8221; _builder_version=&#8221;4.27.5&#8243; _module_preset=&#8221;default&#8221; title_text_align=&#8221;center&#8221; width=&#8221;90%&#8221; module_alignment=&#8221;center&#8221; global_colors_info=&#8221;{}&#8221;][\/et_pb_heading][et_pb_heading title=&#8221;Agenda una reuni\u00f3n con nuestro equipo para explorar oportunidades de trabajo conjunto en investigaci\u00f3n cl\u00ednica.&#8221; _builder_version=&#8221;4.27.5&#8243; _module_preset=&#8221;default&#8221; title_level=&#8221;h3&#8243; title_text_align=&#8221;center&#8221; background_color=&#8221;#F4F9FD&#8221; width=&#8221;100%&#8221; module_alignment=&#8221;center&#8221; custom_padding=&#8221;40px|40px|40px|40px|true|true&#8221; border_width_all=&#8221;1px&#8221; border_color_all=&#8221;#F4F9FD&#8221; global_colors_info=&#8221;{}&#8221;][\/et_pb_heading][\/et_pb_column][\/et_pb_row][et_pb_row _builder_version=&#8221;4.27.5&#8243; _module_preset=&#8221;default&#8221; custom_padding=&#8221;40px|40px|40px|40px|true|true&#8221; custom_css_main_element=&#8221;border:1px solid #445ba4;||border-radius:10px;||background-color:#f5f9fd;&#8221; global_colors_info=&#8221;{}&#8221;][et_pb_column type=&#8221;4_4&#8243; _builder_version=&#8221;4.27.4&#8243; _module_preset=&#8221;default&#8221; global_colors_info=&#8221;{}&#8221;][et_pb_code _builder_version=&#8221;4.27.5&#8243; _module_preset=&#8221;default&#8221; global_colors_info=&#8221;{}&#8221;]<\/p>\n<div class=\"forminator-ui forminator-custom-form forminator-custom-form-1334 forminator-design--default  forminator_ajax\" data-forminator-render=\"0\" data-form=\"forminator-module-1334\" data-uid=\"69ea45ccb1924\"><\/div>\n<form\n\t\t\t\tid=\"forminator-module-1334\"\n\t\t\t\tclass=\"forminator-ui forminator-custom-form forminator-custom-form-1334 forminator-design--default  forminator_ajax\"\n\t\t\t\tmethod=\"post\"\n\t\t\t\tdata-forminator-render=\"0\"\n\t\t\t\tdata-form-id=\"1334\"\n\t\t\t\t data-color-option=\"theme\" data-design=\"default\" data-grid=\"open\" style=\"display: none;\"\n\t\t\t\tdata-uid=\"69ea45ccb1924\"\n\t\t\t><\/p>\n<div role=\"alert\" aria-live=\"polite\" class=\"forminator-response-message forminator-error\" aria-hidden=\"true\"><\/div>\n<div class=\"forminator-row\">\n<div id=\"name-1\" class=\"forminator-field-name forminator-col forminator-col-12 \">\n<div class=\"forminator-field\"><label for=\"forminator-field-name-1_69ea45ccb1924\" id=\"forminator-field-name-1_69ea45ccb1924-label\" class=\"forminator-label\">Nombre y apellido <span class=\"forminator-required\">*<\/span><\/label><input type=\"text\" name=\"name-1\" value=\"\" placeholder=\"\" id=\"forminator-field-name-1_69ea45ccb1924\" class=\"forminator-input forminator-name--field\" aria-required=\"true\" autocomplete=\"name\" \/><\/div>\n<\/div>\n<\/div>\n<div class=\"forminator-row\">\n<div id=\"email-1\" class=\"forminator-field-email forminator-col forminator-col-12 \">\n<div class=\"forminator-field\"><label for=\"forminator-field-email-1_69ea45ccb1924\" id=\"forminator-field-email-1_69ea45ccb1924-label\" class=\"forminator-label\">Direcci\u00f3n de correo electr\u00f3nico <span class=\"forminator-required\">*<\/span><\/label><input type=\"email\" name=\"email-1\" value=\"\" placeholder=\"\" id=\"forminator-field-email-1_69ea45ccb1924\" class=\"forminator-input forminator-email--field\" data-required=\"1\" aria-required=\"true\" autocomplete=\"email\" \/><\/div>\n<\/div>\n<\/div>\n<div class=\"forminator-row\">\n<div id=\"phone-1\" class=\"forminator-field-phone forminator-col forminator-col-12 \">\n<div class=\"forminator-field\"><label for=\"forminator-field-phone-1_69ea45ccb1924\" id=\"forminator-field-phone-1_69ea45ccb1924-label\" class=\"forminator-label\">WhatsApp<\/label><input type=\"text\" name=\"phone-1\" value=\"\" placeholder=\"011 15 2345678\" id=\"forminator-field-phone-1_69ea45ccb1924\" class=\"forminator-input forminator-field--phone\" data-required=\"\" aria-required=\"false\" autocomplete=\"off\" \/><\/div>\n<\/div>\n<\/div>\n<div class=\"forminator-row\">\n<div id=\"text-1\" class=\"forminator-field-text forminator-col forminator-col-12 \">\n<div class=\"forminator-field\"><label for=\"forminator-field-text-1_69ea45ccb1924\" id=\"forminator-field-text-1_69ea45ccb1924-label\" class=\"forminator-label\">\u00bfEn que pa\u00eds estas?<\/label><input type=\"text\" name=\"text-1\" value=\"Argentina\" placeholder=\"\" id=\"forminator-field-text-1_69ea45ccb1924\" class=\"forminator-input forminator-name--field\" data-required=\"\" \/><\/div>\n<\/div>\n<\/div>\n<div class=\"forminator-row\">\n<div id=\"select-1\" class=\"forminator-field-select forminator-col forminator-col-12 \">\n<div class=\"forminator-field\"><label for=\"forminator-form-1334__field--select-1_69ea45ccb1924\" id=\"forminator-form-1334__field--select-1_69ea45ccb1924-label\" class=\"forminator-label\">\u00bfC\u00f3mo prefer\u00eds que te contactemos?<\/label><select  id=\"forminator-form-1334__field--select-1_69ea45ccb1924\" class=\"forminator-select--field forminator-select2 forminator-select2-multiple\" data-required=\"\" name=\"select-1\" data-default-value=\"\" data-hidden-behavior=\"zero\" data-placeholder=\"\" data-search=\"false\" data-search-placeholder=\"\" data-checkbox=\"false\" data-allow-clear=\"false\" aria-labelledby=\"forminator-form-1334__field--select-1_69ea45ccb1924-label\"><option value=\"one\"  data-calculation=\"0\">Correo electr\u00f3nico<\/option><option value=\"two\"  data-calculation=\"0\">WhatsApp<\/option><\/select><\/div>\n<\/div>\n<\/div>\n<div class=\"forminator-row\">\n<div id=\"textarea-1\" class=\"forminator-field-textarea forminator-col forminator-col-12 \">\n<div class=\"forminator-field\"><label for=\"forminator-field-textarea-1_69ea45ccb1924\" id=\"forminator-field-textarea-1_69ea45ccb1924-label\" class=\"forminator-label\">Mensaje<\/label><textarea name=\"textarea-1\" placeholder=\"\" id=\"forminator-field-textarea-1_69ea45ccb1924\" class=\"forminator-textarea\" rows=\"6\" style=\"--forminator-textarea-min-height:140px;\" ><\/textarea><\/div>\n<\/div>\n<\/div>\n<p><input type=\"hidden\" name=\"referer_url\" value=\"\" \/><\/p>\n<div class=\"forminator-row forminator-row-last\">\n<div class=\"forminator-col\">\n<div class=\"forminator-field\"><button class=\"forminator-button forminator-button-submit\">Enviar<\/button><\/div>\n<\/div>\n<\/div>\n<p><input type=\"hidden\" id=\"forminator_nonce\" name=\"forminator_nonce\" value=\"bf67696fcb\" \/><input type=\"hidden\" name=\"_wp_http_referer\" value=\"\/eng\/wp-json\/wp\/v2\/pages\/1312\" \/><input type=\"hidden\" name=\"form_id\" value=\"1334\"><input type=\"hidden\" name=\"page_id\" value=\"1312\"><input type=\"hidden\" name=\"form_type\" value=\"default\"><input type=\"hidden\" name=\"current_url\" value=\"https:\/\/www.ciprec.org\/eng\/contacto\/\"><input type=\"hidden\" name=\"render_id\" value=\"0\"><input type=\"hidden\" name=\"action\" value=\"forminator_submit_form_custom-forms\"><\/form>\n<p>[\/et_pb_code][\/et_pb_column][\/et_pb_row][et_pb_row column_structure=&#8221;1_3,1_3,1_3&#8243; _builder_version=&#8221;4.27.5&#8243; _module_preset=&#8221;default&#8221; custom_margin=&#8221;61px|auto||auto|false|false&#8221; global_colors_info=&#8221;{}&#8221;][et_pb_column type=&#8221;1_3&#8243; _builder_version=&#8221;4.27.5&#8243; _module_preset=&#8221;default&#8221; global_colors_info=&#8221;{}&#8221;][et_pb_heading title=&#8221;Nuestros Datos&#8221; _builder_version=&#8221;4.27.5&#8243; _module_preset=&#8221;default&#8221; title_font_size=&#8221;35px&#8221; width=&#8221;62%&#8221; global_colors_info=&#8221;{}&#8221;][\/et_pb_heading][et_pb_blurb image=&#8221;https:\/\/www.ciprec.org\/wp-content\/uploads\/2025\/12\/Path-33.png&#8221; image_icon_width=&#8221;14%&#8221; icon_alignment=&#8221;left&#8221; _builder_version=&#8221;4.27.6&#8243; _module_preset=&#8221;default&#8221; custom_css_main_element=&#8221;margin-top:75px;&#8221; global_colors_info=&#8221;{}&#8221;]<\/p>\n<p>Para denuncias \u00e9ticas o inquietudes relacionados con cumplimiento y conducta profesional, puede escribir de forma confidencial a\u00a0<a href=\"mailto:etica@ciprec.org\">etica@ciprec.org<\/a><\/p>\n<p>[\/et_pb_blurb][\/et_pb_column][et_pb_column type=&#8221;1_3&#8243; _builder_version=&#8221;4.27.5&#8243; _module_preset=&#8221;default&#8221; global_colors_info=&#8221;{}&#8221;][et_pb_blurb image=&#8221;https:\/\/www.ciprec.org\/wp-content\/uploads\/2025\/12\/noun-location-7693565.png&#8221; image_icon_width=&#8221;14%&#8221; icon_alignment=&#8221;left&#8221; _builder_version=&#8221;4.27.5&#8243; _module_preset=&#8221;default&#8221; max_width_tablet=&#8221;&#8221; max_width_phone=&#8221;&#8221; max_width_last_edited=&#8221;on|desktop&#8221; height=&#8221;120px&#8221; global_colors_info=&#8221;{}&#8221;]<\/p>\n<p>Arenales 1611, piso 2, CABA &#8211; Argentina<br \/>Arenales 1618, piso 4, CABA &#8211; Argentina<\/p>\n<p>[\/et_pb_blurb][et_pb_blurb image=&#8221;https:\/\/www.ciprec.org\/wp-content\/uploads\/2025\/12\/Group-54.png&#8221; image_icon_width=&#8221;14%&#8221; icon_alignment=&#8221;left&#8221; _builder_version=&#8221;4.27.6&#8243; _module_preset=&#8221;default&#8221; custom_margin=&#8221;||||false|false&#8221; global_colors_info=&#8221;{}&#8221;]<\/p>\n<p>+54 9 11 2384 &#8211; 7376<br \/>+54 9 11 4875 &#8211; 6767<\/p>\n<p>[\/et_pb_blurb][\/et_pb_column][et_pb_column type=&#8221;1_3&#8243; _builder_version=&#8221;4.27.5&#8243; _module_preset=&#8221;default&#8221; global_colors_info=&#8221;{}&#8221;][et_pb_blurb image=&#8221;https:\/\/www.ciprec.org\/wp-content\/uploads\/2025\/12\/Path-33.png&#8221; image_icon_width=&#8221;14%&#8221; icon_alignment=&#8221;left&#8221; _builder_version=&#8221;4.27.6&#8243; _module_preset=&#8221;default&#8221; height=&#8221;120px&#8221; custom_margin=&#8221;||||false|false&#8221; custom_padding=&#8221;||||false|false&#8221; custom_css_blurb_image=&#8221;||&#8221; custom_css_blurb_title=&#8221;border:1px solid red&#8221; locked=&#8221;off&#8221; global_colors_info=&#8221;{}&#8221;]<\/p>\n<p style=\"text-align: left;\">Ante cualquier consulta, cont\u00e1ctenos.<br \/>\n<a href=\"mailto:info@ciprec.org\">info@ciprec.org<\/a><\/p>\n<p>[\/et_pb_blurb][et_pb_blurb image=&#8221;https:\/\/www.ciprec.org\/wp-content\/uploads\/2025\/12\/linkedin.png&#8221; image_icon_width=&#8221;14%&#8221; icon_alignment=&#8221;left&#8221; _builder_version=&#8221;4.27.6&#8243; _module_preset=&#8221;default&#8221; locked=&#8221;off&#8221; global_colors_info=&#8221;{}&#8221;]<\/p>\n<p>CIPREC Centro de Investigaciones y<br \/>Prevenci\u00f3n Cardiovascular<\/p>\n<p>[\/et_pb_blurb][\/et_pb_column][\/et_pb_row][\/et_pb_section]<\/p>\n","protected":false},"excerpt":{"rendered":"<p><div class=\"forminator-ui forminator-custom-form forminator-custom-form-1334 forminator-design--default  forminator_ajax\" data-forminator-render=\"1\" data-form=\"forminator-module-1334\" data-uid=\"69ea45cd02b8e\"><br\/><\/div><form\n\t\t\t\tid=\"forminator-module-1334\"\n\t\t\t\tclass=\"forminator-ui forminator-custom-form forminator-custom-form-1334 forminator-design--default  forminator_ajax\"\n\t\t\t\tmethod=\"post\"\n\t\t\t\tdata-forminator-render=\"1\"\n\t\t\t\tdata-form-id=\"1334\"\n\t\t\t\t data-color-option=\"theme\" data-design=\"default\" data-grid=\"open\" style=\"display: none;\"\n\t\t\t\tdata-uid=\"69ea45cd02b8e\" action=\"\"\n\t\t\t><div role=\"alert\" aria-live=\"polite\" class=\"forminator-response-message forminator-error\" aria-hidden=\"true\"><\/div><div class=\"forminator-row\"><div id=\"name-1\" class=\"forminator-field-name forminator-col forminator-col-12\"><div class=\"forminator-field\"><label for=\"forminator-field-name-1_69ea45cd02b8e\" id=\"forminator-field-name-1_69ea45cd02b8e-label\" class=\"forminator-label\">Full name <span class=\"forminator-required\">*<\/span><\/label><input type=\"text\" name=\"name-1\" value=\"\" placeholder=\"\" id=\"forminator-field-name-1_69ea45cd02b8e\" class=\"forminator-input forminator-name--field\" aria-required=\"true\" autocomplete=\"name\" \/><\/div><\/div><\/div><div class=\"forminator-row\"><div id=\"email-1\" class=\"forminator-field-email forminator-col forminator-col-12\"><div class=\"forminator-field\"><label for=\"forminator-field-email-1_69ea45cd02b8e\" id=\"forminator-field-email-1_69ea45cd02b8e-label\" class=\"forminator-label\">Email adress <span class=\"forminator-required\">*<\/span><\/label><input type=\"email\" name=\"email-1\" value=\"\" placeholder=\"\" id=\"forminator-field-email-1_69ea45cd02b8e\" class=\"forminator-input forminator-email--field\" data-required=\"1\" aria-required=\"true\" autocomplete=\"email\" \/><\/div><\/div><\/div><div class=\"forminator-row\"><div id=\"phone-1\" class=\"forminator-field-phone forminator-col forminator-col-12\"><div class=\"forminator-field\"><label for=\"forminator-field-phone-1_69ea45cd02b8e\" id=\"forminator-field-phone-1_69ea45cd02b8e-label\" class=\"forminator-label\">WhatsApp<\/label><input type=\"text\" name=\"phone-1\" value=\"\" placeholder=\"011 15 2345678\" id=\"forminator-field-phone-1_69ea45cd02b8e\" class=\"forminator-input forminator-field--phone\" data-required=\"\" aria-required=\"false\" autocomplete=\"off\" \/><\/div><\/div><\/div><div class=\"forminator-row\"><div id=\"text-1\" class=\"forminator-field-text forminator-col forminator-col-12\"><div class=\"forminator-field\"><label for=\"forminator-field-text-1_69ea45cd02b8e\" id=\"forminator-field-text-1_69ea45cd02b8e-label\" class=\"forminator-label\">Which country are you in?<\/label><input type=\"text\" name=\"text-1\" value=\"Argentina\" placeholder=\"\" id=\"forminator-field-text-1_69ea45cd02b8e\" class=\"forminator-input forminator-name--field\" data-required=\"\" \/><\/div><\/div><\/div><div class=\"forminator-row\"><div id=\"select-1\" class=\"forminator-field-select forminator-col forminator-col-12\"><div class=\"forminator-field\"><label for=\"forminator-form-1334__field--select-1_69ea45cd02b8e\" id=\"forminator-form-1334__field--select-1_69ea45cd02b8e-label\" class=\"forminator-label\">How would you prefer us to contact you?<\/label><select  id=\"forminator-form-1334__field--select-1_69ea45cd02b8e\" class=\"forminator-select--field forminator-select2 forminator-select2-multiple\" data-required=\"\" name=\"select-1\" data-default-value=\"\" data-hidden-behavior=\"zero\" data-placeholder=\"\" data-search=\"false\" data-search-placeholder=\"\" data-checkbox=\"false\" data-allow-clear=\"false\" aria-labelledby=\"forminator-form-1334__field--select-1_69ea45cd02b8e-label\"><option value=\"one\"  data-calculation=\"0\">Email adress<\/option><option value=\"two\"  data-calculation=\"0\">WhatsApp<\/option><\/select><\/div><\/div><\/div><div class=\"forminator-row\"><div id=\"textarea-1\" class=\"forminator-field-textarea forminator-col forminator-col-12\"><div class=\"forminator-field\"><label for=\"forminator-field-textarea-1_69ea45cd02b8e\" id=\"forminator-field-textarea-1_69ea45cd02b8e-label\" class=\"forminator-label\">Message<\/label><textarea name=\"textarea-1\" placeholder=\"\" id=\"forminator-field-textarea-1_69ea45cd02b8e\" class=\"forminator-textarea\" rows=\"6\" style=\"--forminator-textarea-min-height:140px;\" ><\/textarea><\/div><\/div><\/div><input type=\"hidden\" name=\"referer_url\" value=\"\" \/><div class=\"forminator-row forminator-row-last\"><div class=\"forminator-col\"><div class=\"forminator-field\"><button class=\"forminator-button forminator-button-submit\">Send<\/button><\/div><\/div><\/div><input type=\"hidden\" id=\"forminator_nonce\" name=\"forminator_nonce\" value=\"bf67696fcb\" \/><input type=\"hidden\" name=\"_wp_http_referer\" value=\"\/eng\/wp-json\/wp\/v2\/pages\/1312\" \/><input type=\"hidden\" name=\"form_id\" value=\"1334\"><input type=\"hidden\" name=\"page_id\" value=\"1312\"><input type=\"hidden\" name=\"form_type\" value=\"default\"><input type=\"hidden\" name=\"current_url\" value=\"https:\/\/www.ciprec.org\/eng\/contacto\/\"><input type=\"hidden\" name=\"render_id\" value=\"1\"><input type=\"hidden\" name=\"action\" value=\"forminator_submit_form_custom-forms\"><input type=\"hidden\" name=\"trp-form-language\" value=\"eng\"\/><\/form>Para denuncias \u00e9ticas o inquietudes relacionados con cumplimiento y conducta profesional, puede escribir de forma confidencial a\u00a0etica@ciprec.orgArenales 1611, piso 2, CABA &#8211; ArgentinaArenales 1618, piso 4, CABA &#8211; Argentina+54 9 11 2384 &#8211; 7376+54 9 11 4875 &#8211; 6767Ante cualquier consulta, cont\u00e1ctenos. info@ciprec.orgCIPREC Centro de Investigaciones yPrevenci\u00f3n Cardiovascular<\/p>","protected":false},"author":3,"featured_media":0,"parent":0,"menu_order":0,"comment_status":"closed","ping_status":"closed","template":"","meta":{"nf_dc_page":"","_et_pb_use_builder":"on","_et_pb_old_content":"<!-- wp:divi\/placeholder \/-->","_et_gb_content_width":"","iawp_total_views":391,"footnotes":""},"class_list":["post-1312","page","type-page","status-publish","hentry"],"_links":{"self":[{"href":"https:\/\/www.ciprec.org\/eng\/wp-json\/wp\/v2\/pages\/1312","targetHints":{"allow":["GET"]}}],"collection":[{"href":"https:\/\/www.ciprec.org\/eng\/wp-json\/wp\/v2\/pages"}],"about":[{"href":"https:\/\/www.ciprec.org\/eng\/wp-json\/wp\/v2\/types\/page"}],"author":[{"embeddable":true,"href":"https:\/\/www.ciprec.org\/eng\/wp-json\/wp\/v2\/users\/3"}],"replies":[{"embeddable":true,"href":"https:\/\/www.ciprec.org\/eng\/wp-json\/wp\/v2\/comments?post=1312"}],"version-history":[{"count":12,"href":"https:\/\/www.ciprec.org\/eng\/wp-json\/wp\/v2\/pages\/1312\/revisions"}],"predecessor-version":[{"id":1577,"href":"https:\/\/www.ciprec.org\/eng\/wp-json\/wp\/v2\/pages\/1312\/revisions\/1577"}],"wp:attachment":[{"href":"https:\/\/www.ciprec.org\/eng\/wp-json\/wp\/v2\/media?parent=1312"}],"curies":[{"name":"wp","href":"https:\/\/api.w.org\/{rel}","templated":true}]}}