{"id":1218,"date":"2025-12-13T00:05:05","date_gmt":"2025-12-13T00:05:05","guid":{"rendered":"https:\/\/www.ciprec.org\/?page_id=1218"},"modified":"2026-03-31T12:42:18","modified_gmt":"2026-03-31T12:42:18","slug":"sobre-ciprec","status":"publish","type":"page","link":"https:\/\/www.ciprec.org\/eng\/sobre-ciprec\/","title":{"rendered":"Sobre Ciprec V2"},"content":{"rendered":"<p>[et_pb_section fb_built=&#8221;1&#8243; _builder_version=&#8221;4.27.5&#8243; _module_preset=&#8221;default&#8221; custom_margin=&#8221;0px||||false|false&#8221; custom_padding=&#8221;||54px|||&#8221; global_colors_info=&#8221;{}&#8221;][et_pb_row column_structure=&#8221;1_2,1_2&#8243; make_equal=&#8221;on&#8221; _builder_version=&#8221;4.27.5&#8243; _module_preset=&#8221;default&#8221; module_alignment=&#8221;center&#8221; custom_margin_tablet=&#8221;&#8221; custom_margin_phone=&#8221;&#8221; custom_margin_last_edited=&#8221;on|phone&#8221; animation_style=&#8221;fade&#8221; custom_css_before=&#8221;border:1px solid red;&#8221; custom_css_main_element=&#8221;||&#8221; global_colors_info=&#8221;{}&#8221;][et_pb_column type=&#8221;1_2&#8243; _builder_version=&#8221;4.27.4&#8243; _module_preset=&#8221;default&#8221; global_colors_info=&#8221;{}&#8221;][et_pb_heading title=&#8221;Qui\u00e9nes somos&#8221; _builder_version=&#8221;4.27.5&#8243; _module_preset=&#8221;default&#8221; title_line_height=&#8221;1.1em&#8221; width=&#8221;85%&#8221; custom_margin=&#8221;60px||0px||false|false&#8221; custom_margin_tablet=&#8221;60px||0px||false|false&#8221; custom_margin_phone=&#8221;0px||0px||false|false&#8221; custom_margin_last_edited=&#8221;on|phone&#8221; custom_padding=&#8221;0px||||false|false&#8221; custom_padding_tablet=&#8221;110px||||false|false&#8221; custom_padding_phone=&#8221;0px||||false|false&#8221; custom_padding_last_edited=&#8221;on|phone&#8221; title_text_align_tablet=&#8221;&#8221; title_text_align_phone=&#8221;center&#8221; title_text_align_last_edited=&#8221;on|phone&#8221; custom_css_heading_container=&#8221;||&#8221; global_colors_info=&#8221;{}&#8221;][\/et_pb_heading][et_pb_text _builder_version=&#8221;4.27.5&#8243; _module_preset=&#8221;default&#8221; text_line_height=&#8221;1.4em&#8221; custom_margin=&#8221;0px||||false|false&#8221; custom_padding=&#8221;0px||||false|false&#8221; text_orientation_tablet=&#8221;&#8221; text_orientation_phone=&#8221;center&#8221; text_orientation_last_edited=&#8221;on|phone&#8221; global_colors_info=&#8221;{}&#8221;]<\/p>\n<p data-start=\"182\" data-end=\"507\">CIPREC es un centro m\u00e9dico especializado en investigaci\u00f3n cl\u00ednica, con m\u00e1s de 20 a\u00f1os de trayectoria y reconocimiento en diversas \u00e1reas terap\u00e9uticas.<br data-start=\"331\" data-end=\"334\" \/>A lo largo de nuestra historia, hemos participado en m\u00e1s de 200 estudios cl\u00ednicos y hemos sido evaluados en m\u00e1s de 40 auditor\u00edas e inspecciones nacionales e internacionales.<\/p>\n<p data-start=\"509\" data-end=\"857\">Nuestro equipo combina amplia experiencia con un fuerte compromiso con la excelencia, la \u00e9tica y el avance cient\u00edfico. Fomentamos una cultura de mejora continua, sustentada en sistemas de calidad integrales, procedimientos operativos estandarizados (POEs) y herramientas tecnol\u00f3gicas que garantizan una gesti\u00f3n eficiente y segura de cada protocolo.<\/p>\n<p data-start=\"859\" data-end=\"978\">Colaboramos con sponsors y CROs que buscan confiabilidad, cumplimiento normativo y resultados cl\u00ednicos de alto impacto.<\/p>\n<p>[\/et_pb_text][et_pb_button button_text=&#8221;Contactanos&#8221; button_alignment=&#8221;left&#8221; _builder_version=&#8221;4.27.5&#8243; _module_preset=&#8221;default&#8221; custom_button=&#8221;on&#8221; button_text_size=&#8221;16px&#8221; button_use_icon=&#8221;off&#8221; button_text_size_tablet=&#8221;&#8221; button_text_size_phone=&#8221;15px&#8221; button_text_size_last_edited=&#8221;on|phone&#8221; custom_css_main_element=&#8221;border-radius:10px;||background-color:#445ba4;||color:#fff;&#8221; global_colors_info=&#8221;{}&#8221;][\/et_pb_button][\/et_pb_column][et_pb_column type=&#8221;1_2&#8243; _builder_version=&#8221;4.27.4&#8243; _module_preset=&#8221;default&#8221; global_colors_info=&#8221;{}&#8221;][et_pb_image src=&#8221;https:\/\/www.ciprec.org\/wp-content\/uploads\/2025\/12\/20251216_1349_Portada-Investigacion-Clinica_remix_01kcm0z8rkee9b66nf4k3c0g4e.webp&#8221; title_text=&#8221;20251216_1349_Portada-Investigacion-Clinica_remix_01kcm0z8rkee9b66nf4k3c0g4e.webp&#8221; align=&#8221;right&#8221; force_fullwidth=&#8221;on&#8221; _builder_version=&#8221;4.27.5&#8243; _module_preset=&#8221;default&#8221; custom_margin=&#8221;100px||||false|false&#8221; custom_padding=&#8221;0px|0px|0px|0px|true|true&#8221; border_radii=&#8221;on|10px|10px|10px|10px&#8221; global_colors_info=&#8221;{}&#8221;][\/et_pb_image][\/et_pb_column][\/et_pb_row][\/et_pb_section][et_pb_section fb_built=&#8221;1&#8243; _builder_version=&#8221;4.27.5&#8243; _module_preset=&#8221;default&#8221; global_colors_info=&#8221;{}&#8221;][et_pb_row column_structure=&#8221;1_4,1_4,1_4,1_4&#8243; _builder_version=&#8221;4.27.5&#8243; _module_preset=&#8221;default&#8221; animation_style=&#8221;fade&#8221; custom_css_main_element=&#8221;border:1px solid #445ba4;||border-radius:10px;||background-color:#f5f9fd;&#8221; global_colors_info=&#8221;{}&#8221;][et_pb_column type=&#8221;1_4&#8243; _builder_version=&#8221;4.27.4&#8243; _module_preset=&#8221;default&#8221; global_colors_info=&#8221;{}&#8221;][et_pb_number_counter title=&#8221;A\u00f1os de experiencia&#8221; number=&#8221;+20 &#8221; percent_sign=&#8221;off&#8221; _builder_version=&#8221;4.27.5&#8243; _module_preset=&#8221;default&#8221; title_text_color=&#8221;#16C0F2&#8243; number_text_color=&#8221;#3F5DAA&#8221; global_colors_info=&#8221;{}&#8221;][\/et_pb_number_counter][\/et_pb_column][et_pb_column type=&#8221;1_4&#8243; _builder_version=&#8221;4.27.4&#8243; _module_preset=&#8221;default&#8221; global_colors_info=&#8221;{}&#8221;][et_pb_number_counter title=&#8221;Estudios realizados&#8221; number=&#8221;+200&#8243; percent_sign=&#8221;off&#8221; _builder_version=&#8221;4.27.5&#8243; _module_preset=&#8221;default&#8221; title_text_color=&#8221;#16C0F2&#8243; number_text_color=&#8221;#3F5DAA&#8221; global_colors_info=&#8221;{}&#8221;][\/et_pb_number_counter][\/et_pb_column][et_pb_column type=&#8221;1_4&#8243; _builder_version=&#8221;4.27.4&#8243; _module_preset=&#8221;default&#8221; global_colors_info=&#8221;{}&#8221;][et_pb_number_counter title=&#8221;Auditor\u00edas exitosas&#8221; number=&#8221;+40&#8243; percent_sign=&#8221;off&#8221; _builder_version=&#8221;4.27.5&#8243; _module_preset=&#8221;default&#8221; title_text_color=&#8221;#16C0F2&#8243; number_text_color=&#8221;#3F5DAA&#8221; global_colors_info=&#8221;{}&#8221;][\/et_pb_number_counter][\/et_pb_column][et_pb_column type=&#8221;1_4&#8243; _builder_version=&#8221;4.27.4&#8243; _module_preset=&#8221;default&#8221; global_colors_info=&#8221;{}&#8221;][et_pb_number_counter title=&#8221;\u00c1reas terap\u00e9uticas&#8221; number=&#8221;14&#8243; percent_sign=&#8221;off&#8221; _builder_version=&#8221;4.27.5&#8243; _module_preset=&#8221;default&#8221; title_text_color=&#8221;#16C0F2&#8243; number_text_color=&#8221;#3F5DAA&#8221; global_colors_info=&#8221;{}&#8221;][\/et_pb_number_counter][\/et_pb_column][\/et_pb_row][et_pb_row _builder_version=&#8221;4.27.5&#8243; _module_preset=&#8221;default&#8221; custom_margin=&#8221;0px||0px||false|false&#8221; global_colors_info=&#8221;{}&#8221;][et_pb_column type=&#8221;4_4&#8243; _builder_version=&#8221;4.27.4&#8243; _module_preset=&#8221;default&#8221; global_colors_info=&#8221;{}&#8221;][et_pb_heading title=&#8221;Convenios&#8221; _builder_version=&#8221;4.27.5&#8243; _module_preset=&#8221;default&#8221; title_text_align=&#8221;center&#8221; custom_margin=&#8221;50px||||false|false&#8221; global_colors_info=&#8221;{}&#8221;][\/et_pb_heading][dmpro_carousel columns=&#8221;6&#8243; space_between=&#8221;27&#8243; container_padding=&#8221;30px|30px|30px|30px|false|false&#8221; loop=&#8221;on&#8221; autoplay=&#8221;on&#8221; pause_on_hover=&#8221;off&#8221; navigation=&#8221;on&#8221; navigation_prev_icon_yn=&#8221;on&#8221; navigation_prev_icon=&#8221;&#x3c;||divi||400&#8243; navigation_next_icon_yn=&#8221;on&#8221; navigation_next_icon=&#8221;&#x3d;||divi||400&#8243; navigation_size=&#8221;33&#8243; navigation_color=&#8221;#3F5DAA&#8221; navigation_bg_color=&#8221;RGBA(255,255,255,0)&#8221; navigation_circle=&#8221;on&#8221; columns_tablet=&#8221;6&#8243; columns_phone=&#8221;3&#8243; columns_last_edited=&#8221;on|phone&#8221; space_between_tablet=&#8221;27&#8243; space_between_phone=&#8221;10&#8243; space_between_last_edited=&#8221;on|phone&#8221; container_padding_tablet=&#8221;30px|30px|30px|30px|false|false&#8221; container_padding_phone=&#8221;0px|0px|0px|0px|false|false&#8221; container_padding_last_edited=&#8221;on|phone&#8221; navigation_position_left_tablet=&#8221;&#8221; navigation_position_left_phone=&#8221;-37px&#8221; navigation_position_left_last_edited=&#8221;on|phone&#8221; navigation_position_right_tablet=&#8221;&#8221; navigation_position_right_phone=&#8221;-37px&#8221; navigation_position_right_last_edited=&#8221;on|phone&#8221; _builder_version=&#8221;4.27.5&#8243; _module_preset=&#8221;default&#8221; background_enable_color=&#8221;off&#8221; width=&#8221;90%&#8221; width_tablet=&#8221;90%&#8221; width_phone=&#8221;auto&#8221; width_last_edited=&#8221;on|phone&#8221; module_alignment=&#8221;center&#8221; custom_css_img=&#8221;padding-bottom:10px;||padding-top:10px;&#8221; border_radii_item=&#8221;on|10px|10px|10px|10px&#8221; border_width_all_item=&#8221;1px&#8221; border_color_all_item=&#8221;#3F5DAA&#8221; box_shadow_style=&#8221;preset3&#8243; global_colors_info=&#8221;{}&#8221;][dmpro_carousel_child title=&#8221;ia Abogados&#8221; img_src=&#8221;https:\/\/www.ciprec.org\/wp-content\/uploads\/2023\/06\/a-a-abogados.png&#8221; _builder_version=&#8221;4.27.5&#8243; _module_preset=&#8221;default&#8221; global_colors_info=&#8221;{}&#8221;][\/dmpro_carousel_child][dmpro_carousel_child title=&#8221;Depo Max&#8221; img_src=&#8221;https:\/\/www.ciprec.org\/wp-content\/uploads\/2023\/06\/depo-max.png&#8221; _builder_version=&#8221;4.27.5&#8243; _module_preset=&#8221;default&#8221; global_colors_info=&#8221;{}&#8221;][\/dmpro_carousel_child][dmpro_carousel_child title=&#8221;Emergencias&#8221; img_src=&#8221;https:\/\/www.ciprec.org\/wp-content\/uploads\/2023\/06\/emergencias.png&#8221; _builder_version=&#8221;4.27.5&#8243; _module_preset=&#8221;default&#8221; global_colors_info=&#8221;{}&#8221;][\/dmpro_carousel_child][dmpro_carousel_child title=&#8221;Stericycle&#8221; img_src=&#8221;https:\/\/www.ciprec.org\/wp-content\/uploads\/2023\/06\/stericycle.png&#8221; _builder_version=&#8221;4.27.5&#8243; _module_preset=&#8221;default&#8221; global_colors_info=&#8221;{}&#8221;][\/dmpro_carousel_child][dmpro_carousel_child title=&#8221;Insumed&#8221; img_src=&#8221;https:\/\/www.ciprec.org\/wp-content\/uploads\/2023\/06\/insumen.png&#8221; _builder_version=&#8221;4.27.5&#8243; _module_preset=&#8221;default&#8221; global_colors_info=&#8221;{}&#8221;][\/dmpro_carousel_child][dmpro_carousel_child title=&#8221;Brianmat&#8221; img_src=&#8221;https:\/\/www.ciprec.org\/wp-content\/uploads\/2024\/03\/brainmart-nuevo.png&#8221; _builder_version=&#8221;4.27.5&#8243; _module_preset=&#8221;default&#8221; global_colors_info=&#8221;{}&#8221;][\/dmpro_carousel_child][dmpro_carousel_child title=&#8221;Habitat&#8221; img_src=&#8221;https:\/\/www.ciprec.org\/wp-content\/uploads\/2023\/06\/habitat.png&#8221; _builder_version=&#8221;4.27.5&#8243; _module_preset=&#8221;default&#8221; global_colors_info=&#8221;{}&#8221;][\/dmpro_carousel_child][dmpro_carousel_child title=&#8221;Emixer&#8221; img_src=&#8221;https:\/\/www.ciprec.org\/wp-content\/uploads\/2023\/06\/emixer.png&#8221; _builder_version=&#8221;4.27.5&#8243; _module_preset=&#8221;default&#8221; global_colors_info=&#8221;{}&#8221;][\/dmpro_carousel_child][dmpro_carousel_child title=&#8221;Juan Conde&#8221; img_src=&#8221;https:\/\/www.ciprec.org\/wp-content\/uploads\/2023\/06\/juan-conde.png&#8221; _builder_version=&#8221;4.27.5&#8243; _module_preset=&#8221;default&#8221; global_colors_info=&#8221;{}&#8221;][\/dmpro_carousel_child][dmpro_carousel_child title=&#8221;WNS y asociados&#8221; img_src=&#8221;https:\/\/www.ciprec.org\/wp-content\/uploads\/2023\/06\/wns-asociados.png&#8221; _builder_version=&#8221;4.27.5&#8243; _module_preset=&#8221;default&#8221; global_colors_info=&#8221;{}&#8221;][\/dmpro_carousel_child][dmpro_carousel_child title=&#8221;Prosegur&#8221; img_src=&#8221;https:\/\/www.ciprec.org\/wp-content\/uploads\/2023\/06\/procegur.png&#8221; _builder_version=&#8221;4.27.5&#8243; _module_preset=&#8221;default&#8221; global_colors_info=&#8221;{}&#8221;][\/dmpro_carousel_child][dmpro_carousel_child title=&#8221;Suma&#8221; img_src=&#8221;https:\/\/www.ciprec.org\/wp-content\/uploads\/2023\/06\/sema.png&#8221; _builder_version=&#8221;4.27.5&#8243; _module_preset=&#8221;default&#8221; global_colors_info=&#8221;{}&#8221;][\/dmpro_carousel_child][dmpro_carousel_child title=&#8221;Un Ensayo &#8221; img_src=&#8221;https:\/\/www.ciprec.org\/wp-content\/uploads\/2023\/06\/un-ensayo-para-mi.png&#8221; _builder_version=&#8221;4.27.5&#8243; _module_preset=&#8221;default&#8221; global_colors_info=&#8221;{}&#8221;][\/dmpro_carousel_child][dmpro_carousel_child title=&#8221;FB&#8221; img_src=&#8221;https:\/\/www.ciprec.org\/wp-content\/uploads\/2023\/06\/fb-drogueria.png&#8221; _builder_version=&#8221;4.27.5&#8243; _module_preset=&#8221;default&#8221; global_colors_info=&#8221;{}&#8221;][\/dmpro_carousel_child][dmpro_carousel_child title=&#8221;Rossi&#8221; img_src=&#8221;https:\/\/www.ciprec.org\/wp-content\/uploads\/2023\/07\/rossi.png&#8221; _builder_version=&#8221;4.27.5&#8243; _module_preset=&#8221;default&#8221; global_colors_info=&#8221;{}&#8221;][\/dmpro_carousel_child][dmpro_carousel_child title=&#8221;Instituto Argentino&#8221; img_src=&#8221;https:\/\/www.ciprec.org\/wp-content\/uploads\/2023\/07\/instituto-argentino.png&#8221; _builder_version=&#8221;4.27.5&#8243; _module_preset=&#8221;default&#8221; global_colors_info=&#8221;{}&#8221;][\/dmpro_carousel_child][dmpro_carousel_child title=&#8221;Cemedyt&#8221; img_src=&#8221;https:\/\/www.ciprec.org\/wp-content\/uploads\/2023\/07\/cemedyt.png&#8221; _builder_version=&#8221;4.27.5&#8243; _module_preset=&#8221;default&#8221; global_colors_info=&#8221;{}&#8221;][\/dmpro_carousel_child][dmpro_carousel_child title=&#8221;Aclimu&#8221; img_src=&#8221;https:\/\/www.ciprec.org\/wp-content\/uploads\/2023\/07\/aclimu.png&#8221; _builder_version=&#8221;4.27.5&#8243; _module_preset=&#8221;default&#8221; global_colors_info=&#8221;{}&#8221;][\/dmpro_carousel_child][dmpro_carousel_child title=&#8221;Transporte quique&#8221; img_src=&#8221;https:\/\/www.ciprec.org\/wp-content\/uploads\/2023\/07\/transportes-quique.png&#8221; _builder_version=&#8221;4.27.5&#8243; _module_preset=&#8221;default&#8221; global_colors_info=&#8221;{}&#8221;][\/dmpro_carousel_child][dmpro_carousel_child title=&#8221;Iron service&#8221; img_src=&#8221;https:\/\/www.ciprec.org\/wp-content\/uploads\/2023\/06\/iron-service-mensajeria.png&#8221; _builder_version=&#8221;4.27.5&#8243; _module_preset=&#8221;default&#8221; global_colors_info=&#8221;{}&#8221;][\/dmpro_carousel_child][dmpro_carousel_child title=&#8221;Aana Passarello&#8221; img_src=&#8221;https:\/\/www.ciprec.org\/wp-content\/uploads\/2023\/06\/lic-ana-passarello.png&#8221; _builder_version=&#8221;4.27.5&#8243; _module_preset=&#8221;default&#8221; global_colors_info=&#8221;{}&#8221;][\/dmpro_carousel_child][dmpro_carousel_child title=&#8221;Diego Guzman&#8221; img_src=&#8221;https:\/\/www.ciprec.org\/wp-content\/uploads\/2023\/06\/guzman-mantenimiento.png&#8221; _builder_version=&#8221;4.27.5&#8243; _module_preset=&#8221;default&#8221; global_colors_info=&#8221;{}&#8221;][\/dmpro_carousel_child][dmpro_carousel_child title=&#8221;Barbara Cafe&#8221; img_src=&#8221;https:\/\/www.ciprec.org\/wp-content\/uploads\/2023\/06\/barbara-cafe.png&#8221; _builder_version=&#8221;4.27.5&#8243; _module_preset=&#8221;default&#8221; global_colors_info=&#8221;{}&#8221;][\/dmpro_carousel_child][dmpro_carousel_child title=&#8221;Col Calibraciones&#8221; img_src=&#8221;https:\/\/www.ciprec.org\/wp-content\/uploads\/2023\/06\/col-calibraciones.png&#8221; _builder_version=&#8221;4.27.5&#8243; _module_preset=&#8221;default&#8221; global_colors_info=&#8221;{}&#8221;][\/dmpro_carousel_child][dmpro_carousel_child title=&#8221;Parking Rodriguez&#8221; img_src=&#8221;https:\/\/www.ciprec.org\/wp-content\/uploads\/2023\/06\/parking-rodriguez.png&#8221; _builder_version=&#8221;4.27.5&#8243; _module_preset=&#8221;default&#8221; global_colors_info=&#8221;{}&#8221;][\/dmpro_carousel_child][\/dmpro_carousel][\/et_pb_column][\/et_pb_row][et_pb_row _builder_version=&#8221;4.27.5&#8243; _module_preset=&#8221;default&#8221; custom_margin=&#8221;50px||||false|false&#8221; global_colors_info=&#8221;{}&#8221;][et_pb_column type=&#8221;4_4&#8243; _builder_version=&#8221;4.27.5&#8243; _module_preset=&#8221;default&#8221; global_colors_info=&#8221;{}&#8221;][et_pb_heading title=&#8221;Instalaciones&#8221; _builder_version=&#8221;4.27.5&#8243; _module_preset=&#8221;default&#8221; title_text_align=&#8221;center&#8221; global_colors_info=&#8221;{}&#8221;][\/et_pb_heading][dmpro_carousel space_between=&#8221;18&#8243; container_padding=&#8221;0px|30px|0px|30px|false|false&#8221; loop=&#8221;on&#8221; autoplay=&#8221;on&#8221; pause_on_hover=&#8221;off&#8221; navigation=&#8221;on&#8221; navigation_prev_icon_yn=&#8221;on&#8221; navigation_prev_icon=&#8221;&#x3c;||divi||400&#8243; navigation_next_icon_yn=&#8221;on&#8221; navigation_next_icon=&#8221;&#x3d;||divi||400&#8243; navigation_size=&#8221;33&#8243; navigation_color=&#8221;#3F5DAA&#8221; navigation_bg_color=&#8221;RGBA(255,255,255,0)&#8221; navigation_circle=&#8221;on&#8221; columns_tablet=&#8221;6&#8243; columns_phone=&#8221;3&#8243; columns_last_edited=&#8221;on|phone&#8221; space_between_tablet=&#8221;27&#8243; space_between_phone=&#8221;10&#8243; space_between_last_edited=&#8221;on|phone&#8221; container_padding_tablet=&#8221;30px|30px|30px|30px|false|false&#8221; container_padding_phone=&#8221;0px|0px|0px|0px|false|false&#8221; container_padding_last_edited=&#8221;on|phone&#8221; navigation_position_left_tablet=&#8221;&#8221; navigation_position_left_phone=&#8221;-37px&#8221; navigation_position_left_last_edited=&#8221;on|phone&#8221; navigation_position_right_tablet=&#8221;&#8221; navigation_position_right_phone=&#8221;-37px&#8221; navigation_position_right_last_edited=&#8221;on|phone&#8221; _builder_version=&#8221;4.27.5&#8243; _module_preset=&#8221;default&#8221; background_enable_color=&#8221;off&#8221; width=&#8221;90%&#8221; width_tablet=&#8221;90%&#8221; width_phone=&#8221;auto&#8221; width_last_edited=&#8221;on|desktop&#8221; module_alignment=&#8221;center&#8221; custom_margin=&#8221;|55px||||&#8221; custom_padding=&#8221;41px|||||&#8221; custom_css_img=&#8221;width:300px;||height:200px;||&#8221; border_radii_item=&#8221;on|10px|10px|10px|10px&#8221; border_color_all_item=&#8221;#3F5DAA&#8221; box_shadow_style=&#8221;preset3&#8243; locked=&#8221;off&#8221; global_colors_info=&#8221;{}&#8221;][dmpro_carousel_child title=&#8221;1&#8243; img_src=&#8221;https:\/\/www.ciprec.org\/wp-content\/uploads\/2023\/06\/IMG_1335_0001_Capa-0.jpg&#8221; _builder_version=&#8221;4.27.5&#8243; _module_preset=&#8221;default&#8221; custom_css_main_element=&#8221;height:300px;&#8221; global_colors_info=&#8221;{}&#8221;][\/dmpro_carousel_child][dmpro_carousel_child title=&#8221;2&#8243; img_src=&#8221;https:\/\/www.ciprec.org\/wp-content\/uploads\/2023\/06\/Para-exportar_0009s_0002_Capa-0.jpg&#8221; _builder_version=&#8221;4.27.5&#8243; _module_preset=&#8221;default&#8221; custom_css_main_element=&#8221;height:300px;&#8221; global_colors_info=&#8221;{}&#8221;][\/dmpro_carousel_child][dmpro_carousel_child title=&#8221;3&#8243; img_src=&#8221;https:\/\/www.ciprec.org\/wp-content\/uploads\/2023\/06\/Para-exportar_0009s_0000_IMG_1289.jpg&#8221; _builder_version=&#8221;4.27.5&#8243; _module_preset=&#8221;default&#8221; global_colors_info=&#8221;{}&#8221;][\/dmpro_carousel_child][dmpro_carousel_child title=&#8221;4&#8243; img_src=&#8221;https:\/\/www.ciprec.org\/wp-content\/uploads\/2023\/06\/noticia-3.jpg&#8221; _builder_version=&#8221;4.27.5&#8243; _module_preset=&#8221;default&#8221; global_colors_info=&#8221;{}&#8221;][\/dmpro_carousel_child][dmpro_carousel_child title=&#8221;5&#8243; img_src=&#8221;https:\/\/www.ciprec.org\/wp-content\/uploads\/2023\/06\/banner-instalacion.jpg&#8221; _builder_version=&#8221;4.27.5&#8243; _module_preset=&#8221;default&#8221; global_colors_info=&#8221;{}&#8221;][\/dmpro_carousel_child][dmpro_carousel_child title=&#8221;6&#8243; img_src=&#8221;https:\/\/www.ciprec.org\/wp-content\/uploads\/2023\/06\/Para-exportar_0009s_0001_IMG_1297.jpg&#8221; _builder_version=&#8221;4.27.5&#8243; _module_preset=&#8221;default&#8221; global_colors_info=&#8221;{}&#8221;][\/dmpro_carousel_child][dmpro_carousel_child title=&#8221;7&#8243; img_src=&#8221;https:\/\/www.ciprec.org\/wp-content\/uploads\/2023\/06\/instalaciones-laboratorio.jpg&#8221; _builder_version=&#8221;4.27.5&#8243; _module_preset=&#8221;default&#8221; global_colors_info=&#8221;{}&#8221;][\/dmpro_carousel_child][dmpro_carousel_child title=&#8221;8&#8243; img_src=&#8221;https:\/\/www.ciprec.org\/wp-content\/uploads\/2023\/06\/noticia-2.jpg&#8221; _builder_version=&#8221;4.27.5&#8243; _module_preset=&#8221;default&#8221; global_colors_info=&#8221;{}&#8221;][\/dmpro_carousel_child][dmpro_carousel_child title=&#8221;9&#8243; img_src=&#8221;https:\/\/www.ciprec.org\/wp-content\/uploads\/2023\/06\/IMG_3474_0000_IMG_3518.jpg&#8221; _builder_version=&#8221;4.27.5&#8243; _module_preset=&#8221;default&#8221; global_colors_info=&#8221;{}&#8221;][\/dmpro_carousel_child][dmpro_carousel_child title=&#8221;10&#8243; img_src=&#8221;https:\/\/www.ciprec.org\/wp-content\/uploads\/2023\/06\/Para-exportar_0007s_0001_IMG_1282.jpg&#8221; _builder_version=&#8221;4.27.5&#8243; _module_preset=&#8221;default&#8221; global_colors_info=&#8221;{}&#8221;][\/dmpro_carousel_child][\/dmpro_carousel][\/et_pb_column][\/et_pb_row][\/et_pb_section]<\/p>\n","protected":false},"excerpt":{"rendered":"<p>CIPREC es un centro m\u00e9dico especializado en investigaci\u00f3n cl\u00ednica, con m\u00e1s de 20 a\u00f1os de trayectoria y reconocimiento en diversas \u00e1reas terap\u00e9uticas.A lo largo de nuestra historia, hemos participado en m\u00e1s de 200 estudios cl\u00ednicos y hemos sido evaluados en m\u00e1s de 40 auditor\u00edas e inspecciones nacionales e internacionales. Nuestro equipo combina amplia experiencia con [&hellip;]<\/p>\n","protected":false},"author":3,"featured_media":0,"parent":0,"menu_order":0,"comment_status":"closed","ping_status":"closed","template":"","meta":{"nf_dc_page":"","_et_pb_use_builder":"on","_et_pb_old_content":"<!-- wp:divi\/placeholder \/-->","_et_gb_content_width":"","iawp_total_views":406,"footnotes":""},"class_list":["post-1218","page","type-page","status-publish","hentry"],"_links":{"self":[{"href":"https:\/\/www.ciprec.org\/eng\/wp-json\/wp\/v2\/pages\/1218","targetHints":{"allow":["GET"]}}],"collection":[{"href":"https:\/\/www.ciprec.org\/eng\/wp-json\/wp\/v2\/pages"}],"about":[{"href":"https:\/\/www.ciprec.org\/eng\/wp-json\/wp\/v2\/types\/page"}],"author":[{"embeddable":true,"href":"https:\/\/www.ciprec.org\/eng\/wp-json\/wp\/v2\/users\/3"}],"replies":[{"embeddable":true,"href":"https:\/\/www.ciprec.org\/eng\/wp-json\/wp\/v2\/comments?post=1218"}],"version-history":[{"count":26,"href":"https:\/\/www.ciprec.org\/eng\/wp-json\/wp\/v2\/pages\/1218\/revisions"}],"predecessor-version":[{"id":1639,"href":"https:\/\/www.ciprec.org\/eng\/wp-json\/wp\/v2\/pages\/1218\/revisions\/1639"}],"wp:attachment":[{"href":"https:\/\/www.ciprec.org\/eng\/wp-json\/wp\/v2\/media?parent=1218"}],"curies":[{"name":"wp","href":"https:\/\/api.w.org\/{rel}","templated":true}]}}